{"id":1283,"date":"2023-07-02T00:54:02","date_gmt":"2023-07-01T22:54:02","guid":{"rendered":"https:\/\/www.cg-archstone.com\/asset-management\/"},"modified":"2023-07-02T00:54:02","modified_gmt":"2023-07-01T22:54:02","slug":"asset-management","status":"publish","type":"page","link":"https:\/\/www.cgarchstone.fr\/en\/asset-management\/","title":{"rendered":"Asset management"},"content":{"rendered":"[vc_row type=&#8221;in_container&#8221; full_screen_row_position=&#8221;middle&#8221; column_margin=&#8221;50px&#8221; column_direction=&#8221;default&#8221; column_direction_tablet=&#8221;default&#8221; column_direction_phone=&#8221;default&#8221; scene_position=&#8221;center&#8221; bottom_padding=&#8221;0&#8243; text_color=&#8221;dark&#8221; text_align=&#8221;left&#8221; row_border_radius=&#8221;none&#8221; row_border_radius_applies=&#8221;bg&#8221; overflow=&#8221;visible&#8221; id=&#8221;services&#8221; overlay_strength=&#8221;0.3&#8243; gradient_direction=&#8221;left_to_right&#8221; shape_divider_position=&#8221;bottom&#8221; bg_image_animation=&#8221;none&#8221; shape_type=&#8221;&#8221; gradient_type=&#8221;default&#8221;][vc_column column_padding=&#8221;padding-1-percent&#8221; column_padding_tablet=&#8221;inherit&#8221; column_padding_phone=&#8221;inherit&#8221; column_padding_position=&#8221;right&#8221; column_element_direction_desktop=&#8221;default&#8221; column_element_spacing=&#8221;default&#8221; desktop_text_alignment=&#8221;default&#8221; tablet_text_alignment=&#8221;default&#8221; phone_text_alignment=&#8221;default&#8221; background_color_opacity=&#8221;1&#8243; background_hover_color_opacity=&#8221;1&#8243; column_backdrop_filter=&#8221;none&#8221; column_shadow=&#8221;none&#8221; column_border_radius=&#8221;none&#8221; column_link_target=&#8221;_self&#8221; column_position=&#8221;default&#8221; gradient_direction=&#8221;left_to_right&#8221; overlay_strength=&#8221;0.3&#8243; width=&#8221;1\/2&#8243; tablet_width_inherit=&#8221;default&#8221; animation_type=&#8221;default&#8221; bg_image_animation=&#8221;none&#8221; border_type=&#8221;simple&#8221; column_border_width=&#8221;none&#8221; column_border_style=&#8221;solid&#8221; column_padding_type=&#8221;default&#8221; gradient_type=&#8221;default&#8221;][vc_custom_heading text=&#8221;ASSET MANAGEMENT&#8221; font_container=&#8221;tag:h2|font_size:50|text_align:left&#8221; google_fonts=&#8221;font_family:Ubuntu%3A300%2C300italic%2Cregular%2Citalic%2C500%2C500italic%2C700%2C700italic|font_style:500%20bold%20regular%3A500%3Anormal&#8221; el_class=&#8221;title1-centre&#8221;][divider line_type=&#8221;No Line&#8221; custom_height=&#8221;10&#8243;][vc_column_text]<strong>Strat\u00e9gie d\u2019investissement<\/strong>\u00a0: Dans un environnement immobilier en constante mutation, CG ARCHSTONE propose \u00e0 ses clients un v\u00e9ritable accompagnement sur-mesure en mati\u00e8re de strat\u00e9gie d\u2019investissement ou de d\u00e9sinvestissement.<\/p>\n<p>Cet accompagnement fait notamment au travers d\u2019analyses globales tant macro-\u00e9conomiques qu\u2019environnementales (projets d\u2019infrastructures et de d\u00e9veloppements urbains, mutations socio-\u00e9conomiques des territoires etc\u2026) aux fins de d\u00e9finir les strat\u00e9gies d\u2019investissement et d\u2019arbitrages les plus efficientes et pertinentes au regard des objectifs souhait\u00e9s.<\/p>\n<p><strong>Sourcing d\u2019investissement<\/strong>\u00a0: Par son important r\u00e9seau de promoteurs, propri\u00e9taires et investisseurs tant nationaux qu\u2019internationaux,\u00a0<strong>CG ARCHSTONE<\/strong>\u00a0<strong>source<\/strong>, pour le compte de ses clients, des opportunit\u00e9s d\u2019investissement sur-mesure et off-market en ad\u00e9quation avec leurs crit\u00e8res et profils ( \u00abCore\u00bb, \u00abCore+\u00bb, \u00abValue Add\u00bb, \u00abOpportunistic\u00bb ).<\/p>\n<p>Que cela soit au-travers d\u2019une\u00a0<strong>strat\u00e9gie de r\u00e9novation<\/strong>, de\u00a0<strong>relocation<\/strong>\u00a0ou encore de\u00a0<strong>division<\/strong>, nous concevons la solution la plus adapt\u00e9e \u00e0 la situation actuelle de votre patrimoine afin d\u2019en faire ressortir le maximum de potentiel.<\/p>\n<p><strong>Gestion, Property Management &amp; Financement<\/strong>\u00a0:\u00a0<strong>CG ARCHSTONE<\/strong>\u00a0est aussi capacit\u00e9 d\u2019apporter des solutions de\u00a0<strong>gestion<\/strong>\u00a0et de\u00a0<strong>financement<\/strong>.<\/p>\n<p>Nous accompagnons nos clients dans leurs probl\u00e9matiques quotidiennes de<strong>\u00a0<\/strong><strong>gestion d\u2019actifs<\/strong><strong>\u00a0<\/strong>et\u00a0<strong>de Property Management.<\/strong>[\/vc_column_text][\/vc_column][vc_column column_padding=&#8221;no-extra-padding&#8221; column_padding_tablet=&#8221;inherit&#8221; column_padding_phone=&#8221;inherit&#8221; column_padding_position=&#8221;all&#8221; column_element_direction_desktop=&#8221;default&#8221; column_element_spacing=&#8221;default&#8221; desktop_text_alignment=&#8221;default&#8221; tablet_text_alignment=&#8221;default&#8221; phone_text_alignment=&#8221;default&#8221; background_color_opacity=&#8221;1&#8243; background_hover_color_opacity=&#8221;1&#8243; background_image=&#8221;912&#8243; background_image_position=&#8221;center center&#8221; background_image_stacking=&#8221;default&#8221; enable_bg_scale=&#8221;true&#8221; background_image_loading=&#8221;default&#8221; column_backdrop_filter=&#8221;none&#8221; column_shadow=&#8221;none&#8221; column_border_radius=&#8221;none&#8221; column_link_target=&#8221;_self&#8221; column_position=&#8221;default&#8221; gradient_direction=&#8221;left_to_right&#8221; overlay_strength=&#8221;0.3&#8243; width=&#8221;1\/2&#8243; tablet_width_inherit=&#8221;default&#8221; animation_type=&#8221;default&#8221; bg_image_animation=&#8221;none&#8221; border_type=&#8221;simple&#8221; column_border_width=&#8221;none&#8221; column_border_style=&#8221;solid&#8221; column_padding_type=&#8221;default&#8221; gradient_type=&#8221;default&#8221;][divider line_type=&#8221;No Line&#8221; custom_height=&#8221;730&#8243;][\/vc_column][\/vc_row]","protected":false},"excerpt":{"rendered":"<p>[vc_row type=&#8221;in_container&#8221; full_screen_row_position=&#8221;middle&#8221; column_margin=&#8221;50px&#8221; column_direction=&#8221;default&#8221; column_direction_tablet=&#8221;default&#8221; column_direction_phone=&#8221;default&#8221; scene_position=&#8221;center&#8221; bottom_padding=&#8221;0&#8243; text_color=&#8221;dark&#8221; text_align=&#8221;left&#8221; row_border_radius=&#8221;none&#8221; row_border_radius_applies=&#8221;bg&#8221; overflow=&#8221;visible&#8221; id=&#8221;services&#8221; overlay_strength=&#8221;0.3&#8243; gradient_direction=&#8221;left_to_right&#8221; shape_divider_position=&#8221;bottom&#8221; bg_image_animation=&#8221;none&#8221; shape_type=&#8221;&#8221; gradient_type=&#8221;default&#8221;][vc_column column_padding=&#8221;padding-1-percent&#8221; column_padding_tablet=&#8221;inherit&#8221; column_padding_phone=&#8221;inherit&#8221; column_padding_position=&#8221;right&#8221; column_element_direction_desktop=&#8221;default&#8221; column_element_spacing=&#8221;default&#8221; desktop_text_alignment=&#8221;default&#8221; tablet_text_alignment=&#8221;default&#8221; phone_text_alignment=&#8221;default&#8221;&#8230;<\/p>","protected":false},"author":1,"featured_media":0,"parent":0,"menu_order":0,"comment_status":"closed","ping_status":"closed","template":"","meta":{"footnotes":""},"class_list":["post-1283","page","type-page","status-publish"],"acf":[],"_links":{"self":[{"href":"https:\/\/www.cgarchstone.fr\/en\/wp-json\/wp\/v2\/pages\/1283","targetHints":{"allow":["GET"]}}],"collection":[{"href":"https:\/\/www.cgarchstone.fr\/en\/wp-json\/wp\/v2\/pages"}],"about":[{"href":"https:\/\/www.cgarchstone.fr\/en\/wp-json\/wp\/v2\/types\/page"}],"author":[{"embeddable":true,"href":"https:\/\/www.cgarchstone.fr\/en\/wp-json\/wp\/v2\/users\/1"}],"replies":[{"embeddable":true,"href":"https:\/\/www.cgarchstone.fr\/en\/wp-json\/wp\/v2\/comments?post=1283"}],"version-history":[{"count":0,"href":"https:\/\/www.cgarchstone.fr\/en\/wp-json\/wp\/v2\/pages\/1283\/revisions"}],"wp:attachment":[{"href":"https:\/\/www.cgarchstone.fr\/en\/wp-json\/wp\/v2\/media?parent=1283"}],"curies":[{"name":"wp","href":"https:\/\/api.w.org\/{rel}","templated":true}]}}